{"id":5319,"date":"2023-08-04T11:30:22","date_gmt":"2023-08-04T09:30:22","guid":{"rendered":"https:\/\/archiv.neuebauhaeusler.com\/?page_id=5319"},"modified":"2023-09-22T09:35:38","modified_gmt":"2023-09-22T07:35:38","slug":"legal-notice-neb-meets","status":"publish","type":"page","link":"https:\/\/archiv.neuebauhaeusler.com\/de\/legal-notice-neb-meets\/","title":{"rendered":"Legal Notice NEB Meets"},"content":{"rendered":"<div data-elementor-type=\"wp-page\" data-elementor-id=\"5319\" class=\"elementor elementor-5319\" data-elementor-post-type=\"page\">\n\t\t\t\t\t\t<section class=\"elementor-section elementor-top-section elementor-element elementor-element-99de863 elementor-section-full_width elementor-section-height-default elementor-section-height-default\" data-id=\"99de863\" data-element_type=\"section\" data-e-type=\"section\" data-settings=\"{&quot;background_background&quot;:&quot;classic&quot;}\">\n\t\t\t\t\t\t<div class=\"elementor-container elementor-column-gap-default\">\n\t\t\t\t\t<div class=\"elementor-column elementor-col-100 elementor-top-column elementor-element elementor-element-7dc699e\" data-id=\"7dc699e\" data-element_type=\"column\" data-e-type=\"column\">\n\t\t\t<div class=\"elementor-widget-wrap elementor-element-populated\">\n\t\t\t\t\t\t<div class=\"elementor-element elementor-element-e975921 elementor-align-center elementor-mobile-align-center elementor-widget elementor-widget-button\" data-id=\"e975921\" data-element_type=\"widget\" data-e-type=\"widget\" data-widget_type=\"button.default\">\n\t\t\t\t<div class=\"elementor-widget-container\">\n\t\t\t\t\t\t\t\t\t<div class=\"elementor-button-wrapper\">\n\t\t\t\t\t<a class=\"elementor-button elementor-button-link elementor-size-sm\" href=\"https:\/\/archiv.neuebauhaeusler.com\/de\/meets\/\">\n\t\t\t\t\t\t<span class=\"elementor-button-content-wrapper\">\n\t\t\t\t\t\t<span class=\"elementor-button-icon\">\n\t\t\t\t<i aria-hidden=\"true\" class=\"fas fa-chevron-left\"><\/i>\t\t\t<\/span>\n\t\t\t\t\t\t\t\t\t<span class=\"elementor-button-text\">zur\u00fcck<\/span>\n\t\t\t\t\t<\/span>\n\t\t\t\t\t<\/a>\n\t\t\t\t<\/div>\n\t\t\t\t\t\t\t\t<\/div>\n\t\t\t\t<\/div>\n\t\t\t\t\t<\/div>\n\t\t<\/div>\n\t\t\t\t\t<\/div>\n\t\t<\/section>\n\t\t\t\t<section class=\"elementor-section elementor-top-section elementor-element elementor-element-0c11c3c elementor-section-boxed elementor-section-height-default elementor-section-height-default\" data-id=\"0c11c3c\" data-element_type=\"section\" data-e-type=\"section\" data-settings=\"{&quot;background_background&quot;:&quot;classic&quot;}\">\n\t\t\t\t\t\t<div class=\"elementor-container elementor-column-gap-default\">\n\t\t\t\t\t<div class=\"elementor-column elementor-col-100 elementor-top-column elementor-element elementor-element-19d4bc6\" data-id=\"19d4bc6\" data-element_type=\"column\" data-e-type=\"column\">\n\t\t\t<div class=\"elementor-widget-wrap elementor-element-populated\">\n\t\t\t\t\t\t<div class=\"elementor-element elementor-element-38fab6b elementor-invisible elementor-widget elementor-widget-heading\" data-id=\"38fab6b\" data-element_type=\"widget\" data-e-type=\"widget\" data-settings=\"{&quot;_animation&quot;:&quot;fadeInUp&quot;}\" data-widget_type=\"heading.default\">\n\t\t\t\t<div class=\"elementor-widget-container\">\n\t\t\t\t\t<h1 class=\"elementor-heading-title elementor-size-default\">#NeueBauh\u00e4usler <br>\nim Revier<\/h1>\t\t\t\t<\/div>\n\t\t\t\t<\/div>\n\t\t\t\t<div class=\"elementor-element elementor-element-2cd68f7 elementor-widget elementor-widget-spacer\" data-id=\"2cd68f7\" data-element_type=\"widget\" data-e-type=\"widget\" data-widget_type=\"spacer.default\">\n\t\t\t\t<div class=\"elementor-widget-container\">\n\t\t\t\t\t\t\t<div class=\"elementor-spacer\">\n\t\t\t<div class=\"elementor-spacer-inner\"><\/div>\n\t\t<\/div>\n\t\t\t\t\t\t<\/div>\n\t\t\t\t<\/div>\n\t\t\t\t<div class=\"elementor-element elementor-element-fea50fd elementor-widget elementor-widget-heading\" data-id=\"fea50fd\" data-element_type=\"widget\" data-e-type=\"widget\" data-widget_type=\"heading.default\">\n\t\t\t\t<div class=\"elementor-widget-container\">\n\t\t\t\t\t<span class=\"elementor-heading-title elementor-size-default\">Impressum<\/span>\t\t\t\t<\/div>\n\t\t\t\t<\/div>\n\t\t\t\t<div class=\"elementor-element elementor-element-20c308c elementor-widget elementor-widget-spacer\" data-id=\"20c308c\" data-element_type=\"widget\" data-e-type=\"widget\" data-widget_type=\"spacer.default\">\n\t\t\t\t<div class=\"elementor-widget-container\">\n\t\t\t\t\t\t\t<div class=\"elementor-spacer\">\n\t\t\t<div class=\"elementor-spacer-inner\"><\/div>\n\t\t<\/div>\n\t\t\t\t\t\t<\/div>\n\t\t\t\t<\/div>\n\t\t\t\t<div class=\"elementor-element elementor-element-a4a5f01 elementor-widget elementor-widget-text-editor\" data-id=\"a4a5f01\" data-element_type=\"widget\" data-e-type=\"widget\" data-widget_type=\"text-editor.default\">\n\t\t\t\t<div class=\"elementor-widget-container\">\n\t\t\t\t\t\t\t\t\t<p><strong>SALEG Sachsen-Anhaltinische<\/strong><br><strong>Landesentwicklungsgesellschaft mbH<\/strong><br><strong>(NEB-Netzwerkb\u00fcro)<\/strong><br>Turmschanzenstra\u00dfe 26<br>39114 Magdeburg<\/p>\n<p>Telefon: +49 391 8503 -3567 \u2013 6771<br>E-Mail: <a href=\"mailto:info@saleg.de\">info@saleg.de<\/a><\/p>\n<p><strong>Redaktionelle Verantwortung:<\/strong><br>Martin Stein<br>Leiter Team Landesentwicklung<\/p>\n<p><strong>Datenschutzbeauftragte <\/strong><br><strong>gem. Art. 37 Abs. 1 lit. a DS-GVO:<\/strong><br>LGD Datenschutz GmbH<br>Mandy Herrmann<br>Rog\u00e4tzer Str. 8<br>39106 Magdeburg<br>Tel.: 0391 24358523<br>E-Mail: <a href=\"mailto:m.hermann@lgd-data.de\">m.hermann@lgd-data.de<\/a><\/p>\n<p><strong>I. Herausgeber und Diensteanbieter<\/strong><br>Herausgeber und Diensteanbieter gem. \u00a7 5 Abs. 1 TMG ist die SALEG Sachsen-Anhaltinische Landesentwicklungsgesellschaft mbH im Auftrag desr Staatskanzlei und Ministerium f\u00fcr Kultur des Landes Sachsen-Anhalt, SALEG Sachsen-Anhaltinische Landesentwicklungsgesellschaft mbH.<\/p>\n<p>Inhaltlich verantwortlich gem. \u00a7 18 Abs. 2 MStV:<\/p>\n<p>Martin Stein<br>Leiter Team Landesentwicklung<br>SALEG Sachsen-Anhaltinische Landesentwicklungsgesellschaft mbH<br>(NEB-Netzwerkb\u00fcro)<br>Turmschanzenstra\u00dfe 26<br>39114 Magdeburg<br>E-Mail: stein@saleg.de<br>B\u00fcro: +49 391 853447<\/p>\n<p><strong>II. Rechtshinweise<\/strong><\/p>\n<p><span style=\"text-decoration: underline;\">Haftungsausschluss<\/span><br>Die SALEG Sachsen-Anhaltinische Landesentwicklungsgesellschaft mbH stellt das Internetangebot unter folgenden Nutzungsbedingungen zur Verf\u00fcgung:<br>Alle Inhalte unseres Internetangebotes werden sorgf\u00e4ltig gepr\u00fcft. Wir bem\u00fchen uns, dieses Angebot aktuell, inhaltlich richtig und vollst\u00e4ndig anzubieten. Dennoch ist das Auftreten von Fehlern und M\u00e4ngeln nicht v\u00f6llig auszuschlie\u00dfen. Eine Garantie f\u00fcr die Vollst\u00e4ndigkeit, Richtigkeit und Aktualit\u00e4t kann daher nicht \u00fcbernommen werden.<br>Die SALEG Sachsen-Anhaltinische Landesentwicklungsgesellschaft mbH ist als Dienstanbieter gem. \u00a7 7 Abs. 1 Telemediengesetz (TMG) f\u00fcr die eigenen Inhalte verantwortlich. Die Haftung f\u00fcr Verm\u00f6genssch\u00e4den oder Nichtverm\u00f6genssch\u00e4den, ausgenommen Sch\u00e4den an Leben, K\u00f6rper oder Gesundheit, die durch die Nutzung der Inhalte verursacht werden, ist ausgeschlossen, sofern nicht Vorsatz oder grob fahrl\u00e4ssiges Verschulden des Autors vorliegen.<br>Die SALEG Sachsen-Anhaltinische Landesentwicklungsgesellschaft mbH macht sich den Inhalt der innerhalb seines Angebotes zus\u00e4tzlich per Hyperlinks zug\u00e4nglich gemachten fremden Websites ausdr\u00fccklich nicht zu Eigen und kann f\u00fcr deren inhaltliche Korrektheit, Vollst\u00e4ndigkeit, Qualit\u00e4t, Verf\u00fcgbarkeit sowie die Einhaltung von Bestimmungen nach dem deutschen Datenschutzrecht keine Gew\u00e4hr leisten. Diese Erkl\u00e4rung gilt sowohl f\u00fcr die Internetseiten Dritter, die das Internetportal des Landes durch externe Links zug\u00e4nglich macht, als auch f\u00fcr die Inhalte verschiedener Rubriken im Landesportal, die durch die zust\u00e4ndigen Ministerien koordiniert werden. Ein Haftungsausschluss der SALEG Sachsen-Anhaltinische Landesentwicklungsgesellschaft mbH besteht gem\u00e4\u00df \u00a7 8 Abs. 1 TMG auch f\u00fcr die Inhalte der sogenannten Fachportale innerhalb des Landesportals <a href=\"https:\/\/www.sachsen-anhalt.de\/startseite\" target=\"_blank\" rel=\"noopener\">www.sachsen-anhalt.de<\/a>.<br>Die SALEG Sachsen-Anhaltinische Landesentwicklungsgesellschaft mbH beh\u00e4lt sich ausdr\u00fccklich vor, einzelne Dokumente oder das gesamte Angebot der Website ohne gesonderte Ank\u00fcndigung zu ver\u00e4ndern, zu erg\u00e4nzen, zu l\u00f6schen oder die Ver\u00f6ffentlichung im Internet zeitweise oder endg\u00fcltig einzustellen.<br>Die SALEG Sachsen-Anhaltinische Landesentwicklungsgesellschaft mbH distanziert sich von allen fremden Inhalten, die m\u00f6glicherweise straf- oder haftungsrechtlich relevant sind oder gegen die guten Sitten versto\u00dfen.<br>Diese Erkl\u00e4rung gilt f\u00fcr alle Internetseiten Dritter, zu denen aktuell und zuk\u00fcnftig Verweise f\u00fchren, solange die SALEG Sachsen-Anhaltinische Landesentwicklungsgesellschaft mbH keine Kenntnis von eventuellen rechtswidrigen bzw. strafbaren Inhalten auf den verlinkten Seiten hat. Wir sind nicht dazu verpflichtet, st\u00e4ndig zu pr\u00fcfen, ob sich auf den verlinkten Seiten Ver\u00e4nderungen ergeben haben. Sollten Sie der Ansicht sein, dass verlinkte externe Inhalte gegen geltendes Recht versto\u00dfen oder als unangemessen anzusehen sind, so teilen Sie uns dies bitte mit.<br>Dieser Haftungsausschluss ist als Teil des Internetangebotes zu beachten, von dem aus auf diese Seite verwiesen wurde. Sofern Teile oder einzelne Formulierungen dieses Textes der geltenden Rechtslage nicht, nicht mehr oder nicht vollst\u00e4ndig entsprechen sollten, bleiben die \u00fcbrigen Teile des Dokumentes in ihrem Inhalt und ihrer G\u00fcltigkeit davon unber\u00fchrt.<br>F\u00fcr die Nutzung des Email-Service gelten die dort ver\u00f6ffentlichten Nutzungsbedingungen.<\/p>\n<p><span style=\"text-decoration: underline;\">Urheber- und Kennzeichenrecht<\/span><br>Das Copyright f\u00fcr von der SALEG Sachsen-Anhaltinische Landesentwicklungsgesellschaft mbH selbst erstellte und ver\u00f6ffentlichte Inhalte verbleibt beim Herausgeber.<br>Das Layout, die grafische Gestaltung sowie die redaktionellen Beitr\u00e4ge des Angebots sowie ihre Auswahl und Zusammenstellung sind urheberrechtlich gesch\u00fctzt. Die Weiterverwendung und Vervielf\u00e4ltigung zu privaten Zwecken ist gestattet. Eine \u00f6ffentliche bzw. kommerzielle Verwendung des Angebots bedarf der vorherigen Zustimmung der SALEG Sachsen-Anhaltinische Landesentwicklungsgesellschaft mbH. Einzelne Inhalte k\u00f6nnen gesonderte Urheberrechtsvermerke enthalten, die zu beachten sind.<br>Die SALEG Sachsen-Anhaltinische Landesentwicklungsgesellschaft mbH \u201eist bestrebt, in allen Publikationen die Urheberrechte der verwendeten Multimedia-Elemente und Texte zu beachten, selbst erstellte Grafiken, Audio- und Videodateien und Texte zu nutzen oder auf lizenzfreie Elemente zur\u00fcckzugreifen.<br>Alle innerhalb des Internetangebots unter <a href=\"https:\/\/archiv.neuebauhaeusler.com\/de\/\">www.neweuropeanbauhaus-lsa.de<\/a> genannten und ggf. durch Dritte gesch\u00fctzten Marken und Warenzeichen unterliegen uneingeschr\u00e4nkt den Bestimmungen des jeweiligen Kennzeichenrechts und der Rechte der jeweiligen eingetragenen Inhaber. Allein aufgrund der blo\u00dfen Nennung ist nicht der Schluss zu ziehen, dass Markenzeichen nicht durch Rechte Dritter gesch\u00fctzt sind.<\/p>\n<p><span style=\"text-decoration: underline;\">Dienste<\/span><br>Es werden verschiedene kostenlose Dienste und Online-Services angeboten. Diese stehen unter dem Vorbehalt der technischen Verf\u00fcgbarkeit. Die SALEG Sachsen-Anhaltinische Landesentwicklungsgesellschaft mbH beh\u00e4lt sich vor, den Leistungsumfang jederzeit zu \u00e4ndern.<\/p>\t\t\t\t\t\t\t\t<\/div>\n\t\t\t\t<\/div>\n\t\t\t\t<div class=\"elementor-element elementor-element-70eb127 elementor-widget elementor-widget-spacer\" data-id=\"70eb127\" data-element_type=\"widget\" data-e-type=\"widget\" data-widget_type=\"spacer.default\">\n\t\t\t\t<div class=\"elementor-widget-container\">\n\t\t\t\t\t\t\t<div class=\"elementor-spacer\">\n\t\t\t<div class=\"elementor-spacer-inner\"><\/div>\n\t\t<\/div>\n\t\t\t\t\t\t<\/div>\n\t\t\t\t<\/div>\n\t\t\t\t<div class=\"elementor-element elementor-element-3611b36 elementor-widget elementor-widget-spacer\" data-id=\"3611b36\" data-element_type=\"widget\" data-e-type=\"widget\" data-widget_type=\"spacer.default\">\n\t\t\t\t<div class=\"elementor-widget-container\">\n\t\t\t\t\t\t\t<div class=\"elementor-spacer\">\n\t\t\t<div class=\"elementor-spacer-inner\"><\/div>\n\t\t<\/div>\n\t\t\t\t\t\t<\/div>\n\t\t\t\t<\/div>\n\t\t\t\t\t<\/div>\n\t\t<\/div>\n\t\t\t\t\t<\/div>\n\t\t<\/section>\n\t\t\t\t<section class=\"elementor-section elementor-top-section elementor-element elementor-element-b8796e6 elementor-section-boxed elementor-section-height-default elementor-section-height-default\" data-id=\"b8796e6\" data-element_type=\"section\" data-e-type=\"section\">\n\t\t\t\t\t\t<div class=\"elementor-container elementor-column-gap-default\">\n\t\t\t\t\t<div class=\"elementor-column elementor-col-100 elementor-top-column elementor-element elementor-element-5e06611\" data-id=\"5e06611\" data-element_type=\"column\" data-e-type=\"column\">\n\t\t\t<div class=\"elementor-widget-wrap elementor-element-populated\">\n\t\t\t\t\t\t<div class=\"elementor-element elementor-element-ce5f8a5 elementor-widget elementor-widget-text-editor\" data-id=\"ce5f8a5\" data-element_type=\"widget\" data-e-type=\"widget\" data-widget_type=\"text-editor.default\">\n\t\t\t\t<div class=\"elementor-widget-container\">\n\t\t\t\t\t\t\t\t\t<p><a href=\"mailto:NEB_FAMILY@saleg.de\">NEB_NETZWERKB\u00dcRO<\/a> in der SALEG Sachsen-Anhaltinische Landesentwicklungsgesellschaft mbH<br>im Auftrag der Staatskanzlei des Landes Sachsen-Anhalt, Stabsstelle Strukturwandel<\/p>\t\t\t\t\t\t\t\t<\/div>\n\t\t\t\t<\/div>\n\t\t\t\t<section class=\"elementor-section elementor-inner-section elementor-element elementor-element-cf9772b elementor-section-boxed elementor-section-height-default elementor-section-height-default\" data-id=\"cf9772b\" data-element_type=\"section\" data-e-type=\"section\">\n\t\t\t\t\t\t<div class=\"elementor-container elementor-column-gap-default\">\n\t\t\t\t\t<div class=\"elementor-column elementor-col-25 elementor-inner-column elementor-element elementor-element-cfa4ff9\" data-id=\"cfa4ff9\" data-element_type=\"column\" data-e-type=\"column\">\n\t\t\t<div class=\"elementor-widget-wrap elementor-element-populated\">\n\t\t\t\t\t\t<div class=\"elementor-element elementor-element-76e8c6e elementor-widget elementor-widget-image\" data-id=\"76e8c6e\" data-element_type=\"widget\" data-e-type=\"widget\" data-widget_type=\"image.default\">\n\t\t\t\t<div class=\"elementor-widget-container\">\n\t\t\t\t\t\t\t\t\t\t\t\t\t\t\t<img fetchpriority=\"high\" decoding=\"async\" width=\"800\" height=\"305\" src=\"https:\/\/archiv.neuebauhaeusler.com\/wp-content\/uploads\/2023\/08\/saleg_logo_hires-1024x390.png\" class=\"attachment-large size-large wp-image-4239\" alt=\"\" srcset=\"https:\/\/archiv.neuebauhaeusler.com\/wp-content\/uploads\/2023\/08\/saleg_logo_hires-1024x390.png 1024w, https:\/\/archiv.neuebauhaeusler.com\/wp-content\/uploads\/2023\/08\/saleg_logo_hires-300x114.png 300w, https:\/\/archiv.neuebauhaeusler.com\/wp-content\/uploads\/2023\/08\/saleg_logo_hires-768x292.png 768w, https:\/\/archiv.neuebauhaeusler.com\/wp-content\/uploads\/2023\/08\/saleg_logo_hires-1536x585.png 1536w, https:\/\/archiv.neuebauhaeusler.com\/wp-content\/uploads\/2023\/08\/saleg_logo_hires-2048x779.png 2048w, https:\/\/archiv.neuebauhaeusler.com\/wp-content\/uploads\/2023\/08\/saleg_logo_hires-18x7.png 18w\" sizes=\"(max-width: 800px) 100vw, 800px\" \/>\t\t\t\t\t\t\t\t\t\t\t\t\t\t\t<\/div>\n\t\t\t\t<\/div>\n\t\t\t\t\t<\/div>\n\t\t<\/div>\n\t\t\t\t<div class=\"elementor-column elementor-col-25 elementor-inner-column elementor-element elementor-element-4e0d03e\" data-id=\"4e0d03e\" data-element_type=\"column\" data-e-type=\"column\">\n\t\t\t<div class=\"elementor-widget-wrap elementor-element-populated\">\n\t\t\t\t\t\t<div class=\"elementor-element elementor-element-1c094c4 elementor-widget elementor-widget-image\" data-id=\"1c094c4\" data-element_type=\"widget\" data-e-type=\"widget\" data-widget_type=\"image.default\">\n\t\t\t\t<div class=\"elementor-widget-container\">\n\t\t\t\t\t\t\t\t\t\t\t\t\t\t\t<img decoding=\"async\" src=\"https:\/\/archiv.neuebauhaeusler.com\/wp-content\/uploads\/2023\/08\/neb_logo_2023_dunkler-3.svg\" title=\"\" alt=\"\" loading=\"lazy\" \/>\t\t\t\t\t\t\t\t\t\t\t\t\t\t\t<\/div>\n\t\t\t\t<\/div>\n\t\t\t\t\t<\/div>\n\t\t<\/div>\n\t\t\t\t<div class=\"elementor-column elementor-col-25 elementor-inner-column elementor-element elementor-element-0d0314b\" data-id=\"0d0314b\" data-element_type=\"column\" data-e-type=\"column\">\n\t\t\t<div class=\"elementor-widget-wrap elementor-element-populated\">\n\t\t\t\t\t\t<div class=\"elementor-element elementor-element-ce2009b elementor-widget elementor-widget-image\" data-id=\"ce2009b\" data-element_type=\"widget\" data-e-type=\"widget\" data-widget_type=\"image.default\">\n\t\t\t\t<div class=\"elementor-widget-container\">\n\t\t\t\t\t\t\t\t\t\t\t\t\t\t\t<img decoding=\"async\" width=\"704\" height=\"554\" src=\"https:\/\/archiv.neuebauhaeusler.com\/wp-content\/uploads\/2023\/08\/Logo-Sachsen-Anhalt-moderndenken.png\" class=\"attachment-large size-large wp-image-4643\" alt=\"\" srcset=\"https:\/\/archiv.neuebauhaeusler.com\/wp-content\/uploads\/2023\/08\/Logo-Sachsen-Anhalt-moderndenken.png 704w, https:\/\/archiv.neuebauhaeusler.com\/wp-content\/uploads\/2023\/08\/Logo-Sachsen-Anhalt-moderndenken-300x236.png 300w, https:\/\/archiv.neuebauhaeusler.com\/wp-content\/uploads\/2023\/08\/Logo-Sachsen-Anhalt-moderndenken-15x12.png 15w\" sizes=\"(max-width: 704px) 100vw, 704px\" \/>\t\t\t\t\t\t\t\t\t\t\t\t\t\t\t<\/div>\n\t\t\t\t<\/div>\n\t\t\t\t\t<\/div>\n\t\t<\/div>\n\t\t\t\t<div class=\"elementor-column elementor-col-25 elementor-inner-column elementor-element elementor-element-adb77ed\" data-id=\"adb77ed\" data-element_type=\"column\" data-e-type=\"column\">\n\t\t\t<div class=\"elementor-widget-wrap elementor-element-populated\">\n\t\t\t\t\t\t<div class=\"elementor-element elementor-element-618e120 elementor-widget elementor-widget-image\" data-id=\"618e120\" data-element_type=\"widget\" data-e-type=\"widget\" data-widget_type=\"image.default\">\n\t\t\t\t<div class=\"elementor-widget-container\">\n\t\t\t\t\t\t\t\t\t\t\t\t\t\t\t<img decoding=\"async\" width=\"756\" height=\"298\" src=\"https:\/\/archiv.neuebauhaeusler.com\/wp-content\/uploads\/2023\/08\/NEB_logo_EU_emblem.png\" class=\"attachment-large size-large wp-image-4647\" alt=\"\" srcset=\"https:\/\/archiv.neuebauhaeusler.com\/wp-content\/uploads\/2023\/08\/NEB_logo_EU_emblem.png 756w, https:\/\/archiv.neuebauhaeusler.com\/wp-content\/uploads\/2023\/08\/NEB_logo_EU_emblem-300x118.png 300w, https:\/\/archiv.neuebauhaeusler.com\/wp-content\/uploads\/2023\/08\/NEB_logo_EU_emblem-18x7.png 18w\" sizes=\"(max-width: 756px) 100vw, 756px\" \/>\t\t\t\t\t\t\t\t\t\t\t\t\t\t\t<\/div>\n\t\t\t\t<\/div>\n\t\t\t\t\t<\/div>\n\t\t<\/div>\n\t\t\t\t\t<\/div>\n\t\t<\/section>\n\t\t\t\t\t<\/div>\n\t\t<\/div>\n\t\t\t\t\t<\/div>\n\t\t<\/section>\n\t\t\t\t<section class=\"elementor-section elementor-top-section elementor-element elementor-element-7c1516b elementor-section-boxed elementor-section-height-default elementor-section-height-default\" data-id=\"7c1516b\" data-element_type=\"section\" data-e-type=\"section\">\n\t\t\t\t\t\t<div class=\"elementor-container elementor-column-gap-default\">\n\t\t\t\t\t<div class=\"elementor-column elementor-col-100 elementor-top-column elementor-element elementor-element-e4071db\" data-id=\"e4071db\" data-element_type=\"column\" data-e-type=\"column\">\n\t\t\t<div class=\"elementor-widget-wrap elementor-element-populated\">\n\t\t\t\t\t\t<div class=\"elementor-element elementor-element-02a6eb3 elementor-icon-list--layout-inline elementor-align-center elementor-list-item-link-full_width elementor-widget elementor-widget-icon-list\" data-id=\"02a6eb3\" data-element_type=\"widget\" data-e-type=\"widget\" data-widget_type=\"icon-list.default\">\n\t\t\t\t<div class=\"elementor-widget-container\">\n\t\t\t\t\t\t\t<ul class=\"elementor-icon-list-items elementor-inline-items\">\n\t\t\t\t\t\t\t<li class=\"elementor-icon-list-item elementor-inline-item\">\n\t\t\t\t\t\t\t\t\t\t\t<a href=\"https:\/\/archiv.neuebauhaeusler.com\/de\/impressum-neb-meets\/\">\n\n\t\t\t\t\t\t\t\t\t\t\t<span class=\"elementor-icon-list-text\">Impressum<\/span>\n\t\t\t\t\t\t\t\t\t\t\t<\/a>\n\t\t\t\t\t\t\t\t\t<\/li>\n\t\t\t\t\t\t\t\t<li class=\"elementor-icon-list-item elementor-inline-item\">\n\t\t\t\t\t\t\t\t\t\t\t<a href=\"https:\/\/archiv.neuebauhaeusler.com\/de\/datenschutz-neb-meets\/\">\n\n\t\t\t\t\t\t\t\t\t\t\t<span class=\"elementor-icon-list-text\">Datenschutz<\/span>\n\t\t\t\t\t\t\t\t\t\t\t<\/a>\n\t\t\t\t\t\t\t\t\t<\/li>\n\t\t\t\t\t\t<\/ul>\n\t\t\t\t\t\t<\/div>\n\t\t\t\t<\/div>\n\t\t\t\t<div class=\"elementor-element elementor-element-1ffc7df elementor-widget elementor-widget-spacer\" data-id=\"1ffc7df\" data-element_type=\"widget\" data-e-type=\"widget\" data-widget_type=\"spacer.default\">\n\t\t\t\t<div class=\"elementor-widget-container\">\n\t\t\t\t\t\t\t<div class=\"elementor-spacer\">\n\t\t\t<div class=\"elementor-spacer-inner\"><\/div>\n\t\t<\/div>\n\t\t\t\t\t\t<\/div>\n\t\t\t\t<\/div>\n\t\t\t\t<div class=\"elementor-element elementor-element-4d7d18a elementor-widget elementor-widget-image\" data-id=\"4d7d18a\" data-element_type=\"widget\" data-e-type=\"widget\" data-widget_type=\"image.default\">\n\t\t\t\t<div class=\"elementor-widget-container\">\n\t\t\t\t\t\t\t\t\t\t\t\t\t\t\t\t<a href=\"#top\">\n\t\t\t\t\t\t\t<img loading=\"lazy\" decoding=\"async\" width=\"589\" height=\"388\" src=\"https:\/\/archiv.neuebauhaeusler.com\/wp-content\/uploads\/2023\/08\/punkte-pfeil-hoch-v3.svg\" class=\"elementor-animation-pulse attachment-large size-large wp-image-4868\" alt=\"\" \/>\t\t\t\t\t\t\t\t<\/a>\n\t\t\t\t\t\t\t\t\t\t\t\t\t\t\t<\/div>\n\t\t\t\t<\/div>\n\t\t\t\t\t<\/div>\n\t\t<\/div>\n\t\t\t\t\t<\/div>\n\t\t<\/section>\n\t\t\t\t<\/div>","protected":false},"excerpt":{"rendered":"<p>zur\u00fcck #NeueBauh\u00e4usler im Revier Impressum SALEG Sachsen-AnhaltinischeLandesentwicklungsgesellschaft mbH(NEB-Netzwerkb\u00fcro)Turmschanzenstra\u00dfe 2639114 Magdeburg Telefon: +49 391 8503 -3567 \u2013 6771E-Mail: info@saleg.de Redaktionelle Verantwortung:Martin SteinLeiter Team Landesentwicklung Datenschutzbeauftragte gem. Art. 37 Abs. 1 lit. a DS-GVO:LGD Datenschutz GmbHMandy HerrmannRog\u00e4tzer Str. 839106 MagdeburgTel.: 0391 24358523E-Mail: m.hermann@lgd-data.de I. Herausgeber und DiensteanbieterHerausgeber und Diensteanbieter gem. \u00a7 5 Abs. 1 TMG ist die [&hellip;]<\/p>\n","protected":false},"author":1,"featured_media":0,"parent":0,"menu_order":0,"comment_status":"closed","ping_status":"closed","template":"elementor_canvas","meta":{"footnotes":""},"class_list":["post-5319","page","type-page","status-publish","hentry"],"_links":{"self":[{"href":"https:\/\/archiv.neuebauhaeusler.com\/de\/wp-json\/wp\/v2\/pages\/5319","targetHints":{"allow":["GET"]}}],"collection":[{"href":"https:\/\/archiv.neuebauhaeusler.com\/de\/wp-json\/wp\/v2\/pages"}],"about":[{"href":"https:\/\/archiv.neuebauhaeusler.com\/de\/wp-json\/wp\/v2\/types\/page"}],"author":[{"embeddable":true,"href":"https:\/\/archiv.neuebauhaeusler.com\/de\/wp-json\/wp\/v2\/users\/1"}],"replies":[{"embeddable":true,"href":"https:\/\/archiv.neuebauhaeusler.com\/de\/wp-json\/wp\/v2\/comments?post=5319"}],"version-history":[{"count":5,"href":"https:\/\/archiv.neuebauhaeusler.com\/de\/wp-json\/wp\/v2\/pages\/5319\/revisions"}],"predecessor-version":[{"id":5608,"href":"https:\/\/archiv.neuebauhaeusler.com\/de\/wp-json\/wp\/v2\/pages\/5319\/revisions\/5608"}],"wp:attachment":[{"href":"https:\/\/archiv.neuebauhaeusler.com\/de\/wp-json\/wp\/v2\/media?parent=5319"}],"curies":[{"name":"wp","href":"https:\/\/api.w.org\/{rel}","templated":true}]}}